{"id":1131,"date":"2018-08-30T15:25:59","date_gmt":"2018-08-30T18:25:59","guid":{"rendered":"https:\/\/fasta-juj.infd.edu.ar\/sitio\/carreras-presenciales\/"},"modified":"2024-02-22T19:11:04","modified_gmt":"2024-02-22T22:11:04","slug":"carreras-presenciales","status":"publish","type":"page","link":"https:\/\/fasta-juj.infd.edu.ar\/sitio\/carreras-presenciales\/","title":{"rendered":"Carreras Presenciales"},"content":{"rendered":"<h1 style=\"text-align: center;\">CARRERAS PRESENCIALES<\/h1>\n<h5 style=\"text-align: center;\">Profesorado de Educaci\u00f3n Primaria Orientaci\u00f3n Hospitalaria y Domiciliaria<\/h5>\n<h5 style=\"text-align: center;\">Profesorado de Educaci\u00f3n Inicial<\/h5>\n<div style=\"width: 100%;\">\n<div style=\"position: relative; padding-bottom: 200%; padding-top: 0; height: 0;\"><iframe loading=\"lazy\" style=\"position: absolute; top: 0; left: 0; width: 100%; height: 100%;\" title=\"IES N\u00b0 8 - Plan de estudios PEP - PEI\" src=\"https:\/\/view.genial.ly\/653ad9b61da62f001149359c\" width=\"800px\" height=\"1600px\" frameborder=\"0\" scrolling=\"yes\" allowfullscreen=\"allowfullscreen\"><\/iframe><\/div>\n<\/div>\n","protected":false},"excerpt":{"rendered":"<p>CARRERAS PRESENCIALES Profesorado de Educaci\u00f3n Primaria Orientaci\u00f3n Hospitalaria y Domiciliaria Profesorado de Educaci\u00f3n Inicial<\/p>\n","protected":false},"author":55,"featured_media":0,"parent":0,"menu_order":0,"comment_status":"closed","ping_status":"closed","template":"","meta":[],"acf":[],"_links":{"self":[{"href":"https:\/\/fasta-juj.infd.edu.ar\/sitio\/wp-json\/wp\/v2\/pages\/1131"}],"collection":[{"href":"https:\/\/fasta-juj.infd.edu.ar\/sitio\/wp-json\/wp\/v2\/pages"}],"about":[{"href":"https:\/\/fasta-juj.infd.edu.ar\/sitio\/wp-json\/wp\/v2\/types\/page"}],"author":[{"embeddable":true,"href":"https:\/\/fasta-juj.infd.edu.ar\/sitio\/wp-json\/wp\/v2\/users\/55"}],"replies":[{"embeddable":true,"href":"https:\/\/fasta-juj.infd.edu.ar\/sitio\/wp-json\/wp\/v2\/comments?post=1131"}],"version-history":[{"count":2,"href":"https:\/\/fasta-juj.infd.edu.ar\/sitio\/wp-json\/wp\/v2\/pages\/1131\/revisions"}],"predecessor-version":[{"id":3020,"href":"https:\/\/fasta-juj.infd.edu.ar\/sitio\/wp-json\/wp\/v2\/pages\/1131\/revisions\/3020"}],"wp:attachment":[{"href":"https:\/\/fasta-juj.infd.edu.ar\/sitio\/wp-json\/wp\/v2\/media?parent=1131"}],"curies":[{"name":"wp","href":"https:\/\/api.w.org\/{rel}","templated":true}]}}