{"id":1401,"date":"2020-05-04T11:25:44","date_gmt":"2020-05-04T14:25:44","guid":{"rendered":"https:\/\/fasta-juj.infd.edu.ar\/sitio\/?page_id=1401"},"modified":"2020-05-04T11:25:44","modified_gmt":"2020-05-04T14:25:44","slug":"ciencias-naturales-experimentos-para-hacer-en-casa","status":"publish","type":"page","link":"https:\/\/fasta-juj.infd.edu.ar\/sitio\/ciencias-naturales-experimentos-para-hacer-en-casa\/","title":{"rendered":"Ciencias Naturales: Experimentos para hacer en casa"},"content":{"rendered":"<p><span id=\"fbPhotoSnowliftCaption\" class=\"fbPhotosPhotoCaption\" tabindex=\"0\" aria-live=\"polite\" data-ft=\"{&quot;tn&quot;:&quot;K&quot;}\"><span class=\"hasCaption\">El laboratorio de Ciencias Naturales se puede trasladar a la casa de nuestros alumnos. Compartimos con ustedes, queridos docentes, dos experiencias para abordar una de las propiedades intensivas de la materia: la densidad; como as\u00ed tambi\u00e9n, la reacci\u00f3n qu\u00edmica del \u00e1cido c\u00edtrico: oxidaci\u00f3n.<br \/>\nBuena jornada y a seguir aprendiendo.<\/span><\/span><\/p>\n<p><img decoding=\"async\" loading=\"lazy\" class=\"aligncenter size-full wp-image-1402\" src=\"https:\/\/fasta-juj.infd.edu.ar\/sitio\/wp-content\/uploads\/2020\/05\/UnC1idea-6.jpg\" alt=\"\" width=\"678\" height=\"960\" \/><\/p>\n","protected":false},"excerpt":{"rendered":"<p>El laboratorio de Ciencias Naturales se puede trasladar a la casa de nuestros alumnos. Compartimos con ustedes, queridos docentes, dos experiencias para abordar una de las propiedades intensivas de la materia: la densidad; como as\u00ed tambi\u00e9n, la reacci\u00f3n qu\u00edmica del \u00e1cido c\u00edtrico: oxidaci\u00f3n. Buena jornada y a seguir aprendiendo.<\/p>\n","protected":false},"author":55,"featured_media":0,"parent":0,"menu_order":0,"comment_status":"closed","ping_status":"closed","template":"","meta":[],"acf":[],"_links":{"self":[{"href":"https:\/\/fasta-juj.infd.edu.ar\/sitio\/wp-json\/wp\/v2\/pages\/1401"}],"collection":[{"href":"https:\/\/fasta-juj.infd.edu.ar\/sitio\/wp-json\/wp\/v2\/pages"}],"about":[{"href":"https:\/\/fasta-juj.infd.edu.ar\/sitio\/wp-json\/wp\/v2\/types\/page"}],"author":[{"embeddable":true,"href":"https:\/\/fasta-juj.infd.edu.ar\/sitio\/wp-json\/wp\/v2\/users\/55"}],"replies":[{"embeddable":true,"href":"https:\/\/fasta-juj.infd.edu.ar\/sitio\/wp-json\/wp\/v2\/comments?post=1401"}],"version-history":[{"count":1,"href":"https:\/\/fasta-juj.infd.edu.ar\/sitio\/wp-json\/wp\/v2\/pages\/1401\/revisions"}],"predecessor-version":[{"id":1403,"href":"https:\/\/fasta-juj.infd.edu.ar\/sitio\/wp-json\/wp\/v2\/pages\/1401\/revisions\/1403"}],"wp:attachment":[{"href":"https:\/\/fasta-juj.infd.edu.ar\/sitio\/wp-json\/wp\/v2\/media?parent=1401"}],"curies":[{"name":"wp","href":"https:\/\/api.w.org\/{rel}","templated":true}]}}