{"id":1430,"date":"2020-05-07T13:23:54","date_gmt":"2020-05-07T16:23:54","guid":{"rendered":"https:\/\/fasta-juj.infd.edu.ar\/sitio\/?page_id=1430"},"modified":"2020-05-07T13:23:54","modified_gmt":"2020-05-07T16:23:54","slug":"cuentos-con-pictogramas","status":"publish","type":"page","link":"https:\/\/fasta-juj.infd.edu.ar\/sitio\/cuentos-con-pictogramas\/","title":{"rendered":"Cuentos con pictogramas"},"content":{"rendered":"<p><span id=\"fbPhotoSnowliftCaption\" class=\"fbPhotosPhotoCaption\" tabindex=\"0\" aria-live=\"polite\" data-ft=\"{&quot;tn&quot;:&quot;K&quot;}\"><span class=\"hasCaption\">Uno de los momentos m\u00e1s lindos de nuestra tarea es cuando compartimos cuentos con los ni\u00f1os porque los hacemos part\u00edcipes del amor por la lectura.<br \/>\nHoy, \u00abUn CLIC, una idea\u00bb para acompa\u00f1ar a nuestros primeros lectores. Buena jornada, queridos docentes.<\/span><\/span><\/p>\n<p><img decoding=\"async\" loading=\"lazy\" class=\"aligncenter size-full wp-image-1431\" src=\"https:\/\/fasta-juj.infd.edu.ar\/sitio\/wp-content\/uploads\/2020\/05\/UnC1idea-11.jpg\" alt=\"\" width=\"678\" height=\"960\" \/><\/p>\n","protected":false},"excerpt":{"rendered":"<p>Uno de los momentos m\u00e1s lindos de nuestra tarea es cuando compartimos cuentos con los ni\u00f1os porque los hacemos part\u00edcipes del amor por la lectura. Hoy, \u00abUn CLIC, una idea\u00bb para acompa\u00f1ar a nuestros primeros lectores. Buena jornada, queridos docentes.<\/p>\n","protected":false},"author":55,"featured_media":0,"parent":0,"menu_order":0,"comment_status":"closed","ping_status":"closed","template":"","meta":[],"acf":[],"_links":{"self":[{"href":"https:\/\/fasta-juj.infd.edu.ar\/sitio\/wp-json\/wp\/v2\/pages\/1430"}],"collection":[{"href":"https:\/\/fasta-juj.infd.edu.ar\/sitio\/wp-json\/wp\/v2\/pages"}],"about":[{"href":"https:\/\/fasta-juj.infd.edu.ar\/sitio\/wp-json\/wp\/v2\/types\/page"}],"author":[{"embeddable":true,"href":"https:\/\/fasta-juj.infd.edu.ar\/sitio\/wp-json\/wp\/v2\/users\/55"}],"replies":[{"embeddable":true,"href":"https:\/\/fasta-juj.infd.edu.ar\/sitio\/wp-json\/wp\/v2\/comments?post=1430"}],"version-history":[{"count":1,"href":"https:\/\/fasta-juj.infd.edu.ar\/sitio\/wp-json\/wp\/v2\/pages\/1430\/revisions"}],"predecessor-version":[{"id":1432,"href":"https:\/\/fasta-juj.infd.edu.ar\/sitio\/wp-json\/wp\/v2\/pages\/1430\/revisions\/1432"}],"wp:attachment":[{"href":"https:\/\/fasta-juj.infd.edu.ar\/sitio\/wp-json\/wp\/v2\/media?parent=1430"}],"curies":[{"name":"wp","href":"https:\/\/api.w.org\/{rel}","templated":true}]}}