{"id":1442,"date":"2020-05-11T12:28:56","date_gmt":"2020-05-11T15:28:56","guid":{"rendered":"https:\/\/fasta-juj.infd.edu.ar\/sitio\/?page_id=1442"},"modified":"2020-05-11T12:28:56","modified_gmt":"2020-05-11T15:28:56","slug":"11-de-mayo-dia-del-himno-nacional-argentino","status":"publish","type":"page","link":"https:\/\/fasta-juj.infd.edu.ar\/sitio\/11-de-mayo-dia-del-himno-nacional-argentino\/","title":{"rendered":"11 de Mayo. D\u00eda del Himno Nacional Argentino"},"content":{"rendered":"<p><span id=\"fbPhotoSnowliftCaption\" class=\"fbPhotosPhotoCaption\" tabindex=\"0\" aria-live=\"polite\" data-ft=\"{&quot;tn&quot;:&quot;K&quot;}\"><span class=\"hasCaption\">Familia y escuela, con su ejemplo, acompa\u00f1an a los ni\u00f1os en un proceso profundo y hermoso que es el amor a la Patria.<\/p>\n<p>\u00bfC\u00f3mo respetar nuestros s\u00edmbolos patrios?<\/p>\n<p>&#8211; Detente cuando escuches el Himno o cuando se est\u00e9 bajando o subiendo la Bandera, sin importar el lugar donde te encuentres.<span class=\"text_exposed_show\"><br \/>\n&#8211; Escucha con atenci\u00f3n las notas del himno y ayuda a cantar si es necesario.<br \/>\n&#8211; Comparte con tus hijos y alumnos la importancia que tienen en la historia de nuestro pa\u00eds.<\/p>\n<p>Buen inicio de semana, queridos educadores.<\/span><\/span><\/span><\/p>\n<p><img decoding=\"async\" loading=\"lazy\" class=\"aligncenter size-full wp-image-1443\" src=\"https:\/\/fasta-juj.infd.edu.ar\/sitio\/wp-content\/uploads\/2020\/05\/UnC1idea-13.jpg\" alt=\"\" width=\"678\" height=\"960\" \/><\/p>\n","protected":false},"excerpt":{"rendered":"<p>Familia y escuela, con su ejemplo, acompa\u00f1an a los ni\u00f1os en un proceso profundo y hermoso que es el amor a la Patria. \u00bfC\u00f3mo respetar nuestros s\u00edmbolos patrios? &#8211; Detente cuando escuches el Himno o cuando se est\u00e9 bajando o subiendo la Bandera, sin importar el lugar donde te encuentres. &#8211; Escucha con atenci\u00f3n las &#8230; <a title=\"11 de Mayo. D\u00eda del Himno Nacional Argentino\" class=\"read-more\" href=\"https:\/\/fasta-juj.infd.edu.ar\/sitio\/11-de-mayo-dia-del-himno-nacional-argentino\/\" aria-label=\"More on 11 de Mayo. D\u00eda del Himno Nacional Argentino\">[+]<\/a><\/p>\n","protected":false},"author":55,"featured_media":0,"parent":0,"menu_order":0,"comment_status":"closed","ping_status":"closed","template":"","meta":[],"acf":[],"_links":{"self":[{"href":"https:\/\/fasta-juj.infd.edu.ar\/sitio\/wp-json\/wp\/v2\/pages\/1442"}],"collection":[{"href":"https:\/\/fasta-juj.infd.edu.ar\/sitio\/wp-json\/wp\/v2\/pages"}],"about":[{"href":"https:\/\/fasta-juj.infd.edu.ar\/sitio\/wp-json\/wp\/v2\/types\/page"}],"author":[{"embeddable":true,"href":"https:\/\/fasta-juj.infd.edu.ar\/sitio\/wp-json\/wp\/v2\/users\/55"}],"replies":[{"embeddable":true,"href":"https:\/\/fasta-juj.infd.edu.ar\/sitio\/wp-json\/wp\/v2\/comments?post=1442"}],"version-history":[{"count":1,"href":"https:\/\/fasta-juj.infd.edu.ar\/sitio\/wp-json\/wp\/v2\/pages\/1442\/revisions"}],"predecessor-version":[{"id":1444,"href":"https:\/\/fasta-juj.infd.edu.ar\/sitio\/wp-json\/wp\/v2\/pages\/1442\/revisions\/1444"}],"wp:attachment":[{"href":"https:\/\/fasta-juj.infd.edu.ar\/sitio\/wp-json\/wp\/v2\/media?parent=1442"}],"curies":[{"name":"wp","href":"https:\/\/api.w.org\/{rel}","templated":true}]}}