{"id":2277,"date":"2020-11-12T19:46:22","date_gmt":"2020-11-12T22:46:22","guid":{"rendered":"https:\/\/fasta-juj.infd.edu.ar\/sitio\/?page_id=2277"},"modified":"2020-11-12T19:46:22","modified_gmt":"2020-11-12T22:46:22","slug":"actividades-para-hablar-y-escribir-ciencia","status":"publish","type":"page","link":"https:\/\/fasta-juj.infd.edu.ar\/sitio\/actividades-para-hablar-y-escribir-ciencia\/","title":{"rendered":"Actividades PARA HABLAR Y ESCRIBIR Ciencia"},"content":{"rendered":"<p>\u00bfNos dimos cuenta que cuando les proponemos a nuestros chicos realizar experimentos en nuestras clases ponemos en juego el observar, describir, comparar, clasificar, analizar, discutir, hipotetizar, teorizar, cuestionar, desafiar, argumentar, dise\u00f1ar, seguir procedimientos, juzgar, evaluar, decidir, concluir, generalizar, informar, escribir, leer&#8230;? Y todo esto no lo hacen solos sino en interacci\u00f3n con nosotros y con sus compa\u00f1eros.<br \/>\n\u00a1Que nuestras clases sean siempre un desaf\u00edo constante y una invitaci\u00f3n a sorprenderse todos los d\u00edas!<br \/>\n<img decoding=\"async\" loading=\"lazy\" class=\"aligncenter size-full wp-image-2278\" src=\"https:\/\/fasta-juj.infd.edu.ar\/sitio\/wp-content\/uploads\/2020\/11\/UnC1idea-108.2.jpg\" alt=\"\" width=\"1200\" height=\"1698\" srcset=\"https:\/\/fasta-juj.infd.edu.ar\/sitio\/wp-content\/uploads\/2020\/11\/UnC1idea-108.2.jpg 1200w, https:\/\/fasta-juj.infd.edu.ar\/sitio\/wp-content\/uploads\/2020\/11\/UnC1idea-108.2-707x1000.jpg 707w, https:\/\/fasta-juj.infd.edu.ar\/sitio\/wp-content\/uploads\/2020\/11\/UnC1idea-108.2-768x1087.jpg 768w\" sizes=\"(max-width: 1200px) 100vw, 1200px\" \/><\/p>\n","protected":false},"excerpt":{"rendered":"<p>\u00bfNos dimos cuenta que cuando les proponemos a nuestros chicos realizar experimentos en nuestras clases ponemos en juego el observar, describir, comparar, clasificar, analizar, discutir, hipotetizar, teorizar, cuestionar, desafiar, argumentar, dise\u00f1ar, seguir procedimientos, juzgar, evaluar, decidir, concluir, generalizar, informar, escribir, leer&#8230;? Y todo esto no lo hacen solos sino en interacci\u00f3n con nosotros y con &#8230; <a title=\"Actividades PARA HABLAR Y ESCRIBIR Ciencia\" class=\"read-more\" href=\"https:\/\/fasta-juj.infd.edu.ar\/sitio\/actividades-para-hablar-y-escribir-ciencia\/\" aria-label=\"More on Actividades PARA HABLAR Y ESCRIBIR Ciencia\">[+]<\/a><\/p>\n","protected":false},"author":55,"featured_media":0,"parent":0,"menu_order":0,"comment_status":"closed","ping_status":"closed","template":"","meta":[],"acf":[],"_links":{"self":[{"href":"https:\/\/fasta-juj.infd.edu.ar\/sitio\/wp-json\/wp\/v2\/pages\/2277"}],"collection":[{"href":"https:\/\/fasta-juj.infd.edu.ar\/sitio\/wp-json\/wp\/v2\/pages"}],"about":[{"href":"https:\/\/fasta-juj.infd.edu.ar\/sitio\/wp-json\/wp\/v2\/types\/page"}],"author":[{"embeddable":true,"href":"https:\/\/fasta-juj.infd.edu.ar\/sitio\/wp-json\/wp\/v2\/users\/55"}],"replies":[{"embeddable":true,"href":"https:\/\/fasta-juj.infd.edu.ar\/sitio\/wp-json\/wp\/v2\/comments?post=2277"}],"version-history":[{"count":1,"href":"https:\/\/fasta-juj.infd.edu.ar\/sitio\/wp-json\/wp\/v2\/pages\/2277\/revisions"}],"predecessor-version":[{"id":2279,"href":"https:\/\/fasta-juj.infd.edu.ar\/sitio\/wp-json\/wp\/v2\/pages\/2277\/revisions\/2279"}],"wp:attachment":[{"href":"https:\/\/fasta-juj.infd.edu.ar\/sitio\/wp-json\/wp\/v2\/media?parent=2277"}],"curies":[{"name":"wp","href":"https:\/\/api.w.org\/{rel}","templated":true}]}}