{"id":2366,"date":"2020-12-28T18:42:11","date_gmt":"2020-12-28T21:42:11","guid":{"rendered":"https:\/\/fasta-juj.infd.edu.ar\/sitio\/?page_id=2366"},"modified":"2020-12-28T18:42:11","modified_gmt":"2020-12-28T21:42:11","slug":"como-crear-una-radio-escolar","status":"publish","type":"page","link":"https:\/\/fasta-juj.infd.edu.ar\/sitio\/como-crear-una-radio-escolar\/","title":{"rendered":"C\u00f3mo crear una radio escolar"},"content":{"rendered":"<p>Si est\u00e1n siguiendo a trav\u00e9s de las diferentes redes sociales la microcapacitaci\u00f3n de Audacity, les ofrecemos algunas informaciones m\u00e1s acerca de c\u00f3mo dar forma al proyecto de \u00abradio escolar\u00bb.<br \/>\nLos cr\u00e9ditos son para \u00ab<a href=\"https:\/\/www.aulaplaneta.com\">www.aulaplaneta.com<\/a>\u00ab. Hemos extra\u00eddo los datos de este sitio; por lo que les sugerimos visitarlo para contar con mucha m\u00e1s informaci\u00f3n.<br \/>\n<img decoding=\"async\" loading=\"lazy\" class=\"alignnone size-full wp-image-2368\" src=\"https:\/\/fasta-juj.infd.edu.ar\/sitio\/wp-content\/uploads\/2020\/12\/UnC1idea-120.2.jpg\" alt=\"\" width=\"1200\" height=\"1698\" srcset=\"https:\/\/fasta-juj.infd.edu.ar\/sitio\/wp-content\/uploads\/2020\/12\/UnC1idea-120.2.jpg 1200w, https:\/\/fasta-juj.infd.edu.ar\/sitio\/wp-content\/uploads\/2020\/12\/UnC1idea-120.2-707x1000.jpg 707w, https:\/\/fasta-juj.infd.edu.ar\/sitio\/wp-content\/uploads\/2020\/12\/UnC1idea-120.2-768x1087.jpg 768w\" sizes=\"(max-width: 1200px) 100vw, 1200px\" \/><\/p>\n","protected":false},"excerpt":{"rendered":"<p>Si est\u00e1n siguiendo a trav\u00e9s de las diferentes redes sociales la microcapacitaci\u00f3n de Audacity, les ofrecemos algunas informaciones m\u00e1s acerca de c\u00f3mo dar forma al proyecto de \u00abradio escolar\u00bb. Los cr\u00e9ditos son para \u00abwww.aulaplaneta.com\u00ab. Hemos extra\u00eddo los datos de este sitio; por lo que les sugerimos visitarlo para contar con mucha m\u00e1s informaci\u00f3n.<\/p>\n","protected":false},"author":55,"featured_media":0,"parent":0,"menu_order":0,"comment_status":"closed","ping_status":"closed","template":"","meta":[],"acf":[],"_links":{"self":[{"href":"https:\/\/fasta-juj.infd.edu.ar\/sitio\/wp-json\/wp\/v2\/pages\/2366"}],"collection":[{"href":"https:\/\/fasta-juj.infd.edu.ar\/sitio\/wp-json\/wp\/v2\/pages"}],"about":[{"href":"https:\/\/fasta-juj.infd.edu.ar\/sitio\/wp-json\/wp\/v2\/types\/page"}],"author":[{"embeddable":true,"href":"https:\/\/fasta-juj.infd.edu.ar\/sitio\/wp-json\/wp\/v2\/users\/55"}],"replies":[{"embeddable":true,"href":"https:\/\/fasta-juj.infd.edu.ar\/sitio\/wp-json\/wp\/v2\/comments?post=2366"}],"version-history":[{"count":1,"href":"https:\/\/fasta-juj.infd.edu.ar\/sitio\/wp-json\/wp\/v2\/pages\/2366\/revisions"}],"predecessor-version":[{"id":2369,"href":"https:\/\/fasta-juj.infd.edu.ar\/sitio\/wp-json\/wp\/v2\/pages\/2366\/revisions\/2369"}],"wp:attachment":[{"href":"https:\/\/fasta-juj.infd.edu.ar\/sitio\/wp-json\/wp\/v2\/media?parent=2366"}],"curies":[{"name":"wp","href":"https:\/\/api.w.org\/{rel}","templated":true}]}}